{"id":3116,"date":"2024-08-01T16:31:00","date_gmt":"2024-08-01T15:31:00","guid":{"rendered":"https:\/\/cerquetta.it\/?page_id=3116"},"modified":"2024-09-27T11:40:58","modified_gmt":"2024-09-27T10:40:58","slug":"ristorante","status":"publish","type":"page","link":"https:\/\/cerquetta.it\/index.php\/ristorante\/","title":{"rendered":"Ristorante"},"content":{"rendered":"<div class=\"wpb-content-wrapper\"><p>[vc_row full_width=&#8221;stretch_row&#8221; content_placement=&#8221;middle&#8221; css=&#8221;.vc_custom_1538744986156{margin-bottom: 30px !important;background-color: #f8f8f8 !important;}&#8221;][vc_column width=&#8221;1\/2&#8243; el_class=&#8221;milenia-color&#8211;black&#8221;]<!--================ Section Heading ================-->\n<script>\n    (function($){\n        'use strict';\n\n        if(!$) return;\n\n        $(function(){\n            if(window.appear) {\n                appear({\n                    elements: function(){\n                        return document.querySelectorAll('#vc-milenia-section-heading-a63708a0df1b01dfb525a19632c40152-17763115431809088195');\n                    },\n                    appear: function(element) {\n                        var $el = $(element);\n                        $el.addClass('milenia-visible').addClass($el.data('animation'));\n                    },\n                    reappear: false,\n                    bounds: -200\n                });\n            }\n        });\n    })(window.jQuery);\n<\/script>\n<div id=\"vc-milenia-section-heading-a63708a0df1b01dfb525a19632c40152-17763115431809088195\" class=\"milenia-section-heading text-left vc_custom_1726667178203 milenia-visible\" data-animation=\"none\">\n    \n    <h2 class=\"milenia-section-title milenia-font--first-accented\" style=\"font-size: 36px;line-height: 43px;text-transform: none;font-style: normal;font-weight: 400;\">La cucina autentica umbra<\/h2>\n\n    \n<\/div>\n<!--================ End of Section Heading ================-->\n[vc_custom_heading text=&#8221;Il nostro ristorante celebra la ricchezza dei sapori umbri, utilizzando solo ingredienti freschi e locali. Ogni piatto racconta una storia, fatta di tradizione, passione e amore per la terra.&#8221; font_container=&#8221;tag:div|font_size:18px|text_align:left|line_height:30px&#8221; google_fonts=&#8221;font_family:Open%20Sans%3A300%2C300italic%2Cregular%2Citalic%2C600%2C600italic%2C700%2C700italic%2C800%2C800italic|font_style:700%20bold%20regular%3A700%3Anormal&#8221; css=&#8221;.vc_custom_1726666143579{margin-bottom: 20px !important;}&#8221;][vc_column_text css=&#8221;&#8221;]<strong>La nostra cucina:<\/strong><br \/>\n&#8220;Il nostro chef propone un menu che cambia con le stagioni, valorizzando i prodotti tipici del territorio, come l&#8217;olio d&#8217;oliva di Trevi, il tartufo nero e i legumi umbri. Piatti semplici ma pieni di gusto, che rispecchiano l&#8217;autenticit\u00e0 della nostra regione.&#8221;[\/vc_column_text][\/vc_column][vc_column width=&#8221;1\/2&#8243;][vc_single_image image=&#8221;3143&#8243; img_size=&#8221;full&#8221; css=&#8221;&#8221;][\/vc_column][\/vc_row][vc_row full_width=&#8221;stretch_row_content&#8221; css=&#8221;.vc_custom_1539845698437{padding-top: 0px !important;padding-bottom: 30px !important;}&#8221;][vc_column]<!--================ Carousel ================-->\n\n<div id=\"vc-milenia-simple-carousel-b98c7aa6b634031ea693965847df8573-17763115432097825235\" class=\"owl-carousel owl-carousel--vadaptive owl-carousel--nav-edges owl-carousel--nav-huge owl-carousel--nav-inside owl-carousel--nav-hover-white milenia-simple-slideshow--shortcode  milenia-visible\" data-animation=\"none\">\n    <img loading=\"lazy\" decoding=\"async\" width=\"2000\" height=\"1125\" src=\"https:\/\/cerquetta.it\/wp-content\/uploads\/2018\/10\/La-Cerquetta-9.jpg\" class=\"owl-carousel-img\" alt=\"\" srcset=\"https:\/\/cerquetta.it\/wp-content\/uploads\/2018\/10\/La-Cerquetta-9.jpg 2000w, https:\/\/cerquetta.it\/wp-content\/uploads\/2018\/10\/La-Cerquetta-9-300x169.jpg 300w, https:\/\/cerquetta.it\/wp-content\/uploads\/2018\/10\/La-Cerquetta-9-1024x576.jpg 1024w, https:\/\/cerquetta.it\/wp-content\/uploads\/2018\/10\/La-Cerquetta-9-768x432.jpg 768w, https:\/\/cerquetta.it\/wp-content\/uploads\/2018\/10\/La-Cerquetta-9-1536x864.jpg 1536w, https:\/\/cerquetta.it\/wp-content\/uploads\/2018\/10\/La-Cerquetta-9-680x383.jpg 680w\" sizes=\"auto, (max-width: 2000px) 100vw, 2000px\" \/>\r\n<img loading=\"lazy\" decoding=\"async\" width=\"2000\" height=\"1125\" src=\"https:\/\/cerquetta.it\/wp-content\/uploads\/2018\/10\/La-Cerquetta-1.jpg\" class=\"owl-carousel-img\" alt=\"\" srcset=\"https:\/\/cerquetta.it\/wp-content\/uploads\/2018\/10\/La-Cerquetta-1.jpg 2000w, https:\/\/cerquetta.it\/wp-content\/uploads\/2018\/10\/La-Cerquetta-1-300x169.jpg 300w, https:\/\/cerquetta.it\/wp-content\/uploads\/2018\/10\/La-Cerquetta-1-1024x576.jpg 1024w, https:\/\/cerquetta.it\/wp-content\/uploads\/2018\/10\/La-Cerquetta-1-768x432.jpg 768w, https:\/\/cerquetta.it\/wp-content\/uploads\/2018\/10\/La-Cerquetta-1-1536x864.jpg 1536w, https:\/\/cerquetta.it\/wp-content\/uploads\/2018\/10\/La-Cerquetta-1-680x383.jpg 680w\" sizes=\"auto, (max-width: 2000px) 100vw, 2000px\" \/>\n<\/div>\n<script>\n\t(function($){\n\t\t'use strict';\n\n\t\tvar $container;\n\n\t\tif(!$) return;\n\n\t\t$(window).load(function() {\n\t\t\t\/\/ Check all necessary modules have been included\n\t\t\tif(!window.Milenia || !window.Milenia.helpers || !window.Milenia.helpers.owlSettings || !$.fn.owlCarousel || !$.fn.jQueryImagesLoaded) return;\n\n\t\t\t$container = $('#vc-milenia-simple-carousel-b98c7aa6b634031ea693965847df8573-17763115432097825235');\n\n\t\t\tif(!$container.length) return;\n\n\t\t\tif(window.appear) {\n\t\t\t\tappear({\n\t\t\t\t\telements: function(){\n\t\t\t\t\t\treturn document.querySelectorAll('#vc-milenia-simple-carousel-b98c7aa6b634031ea693965847df8573-17763115432097825235');\n\t\t\t\t\t},\n\t\t\t\t\tappear: function(element) {\n\t\t\t\t\t\tvar $el = $(element);\n\t\t\t\t\t\t$el.addClass('milenia-visible').addClass($el.data('animation'));\n\t\t\t\t\t},\n\t\t\t\t\treappear: false,\n\t\t\t\t\tbounds: -200\n\t\t\t\t});\n\t\t\t}\n\n\t\t\t$container.jQueryImagesLoaded().then(function(){\n\t\t\t\tsetTimeout(function() {\n\t\t\t\t\t$container.owlCarousel(window.Milenia.helpers.owlSettings({\"items\":1,\"margin\":1,\"nav\":true,\"dots\":false,\"autoHeight\":false,\"loop\":true,\"autoplay\":true,\"autoplayHoverPause\":true,\"autoplayTimeout\":5000,\"smartSpeed\":500,\"fluidSpeed\":500,\"autoplaySpeed\":500,\"navSpeed\":500,\"dotsSpeed\":500,\"dragEndSpeed\":500}));\n\t\t\t\t}, 0);\n\t\t\t});\n\t\t});\n\n\t})(window.jQuery);\n<\/script>\n<!--================ End of Carousel ================-->\n[\/vc_column][\/vc_row][vc_row full_width=&#8221;stretch_row_content_no_spaces&#8221; css=&#8221;.vc_custom_1538746325207{margin-bottom: 30px !important;}&#8221;][vc_column]<!--================ Info Boxes ================-->\n<script>\n    (function($){\n        'use strict';\n\n        if(!$) return;\n\n        $(function(){\n            var $container = $('#vc-milenia-info-boxes-3d8d5599bc50b5dbc377189bbb2c9364-17763115431663002112'),\n                $dynamicBgElements,\n                $carousels;\n\n            if(!$container.length) return;\n\n            if(window.appear) {\n                appear({\n                    elements: function(){\n                        return document.querySelectorAll('#vc-milenia-info-boxes-3d8d5599bc50b5dbc377189bbb2c9364-17763115431663002112');\n                    },\n                    appear: function(element) {\n                        var $el = $(element);\n                        $el.addClass('milenia-visible').addClass($el.data('animation'));\n                    },\n                    reappear: false,\n                    bounds: -200\n                });\n            }\n\n            if(window.Milenia && window.Milenia.LinkUnderliner) {\n                window.Milenia.LinkUnderliner.init($container.find('a'));\n            }\n\n            if(window.Milenia && window.Milenia.helpers &&  window.Milenia.helpers.dynamicBgImage) {\n                $dynamicBgElements = $container.find('[data-bg-image-src]');\n                if($dynamicBgElements.length) window.Milenia.helpers.dynamicBgImage($dynamicBgElements);\n            }\n\n            if($.fn.owlCarousel) {\n                $carousels = $container.find('.milenia-simple-slideshow--shortcode');\n\n                if($carousels.length) {\n                    if(window.Milenia && window.Milenia.helpers && window.Milenia.helpers.owlSettings) {\n\n                        $carousels.jQueryImagesLoaded().then(function(){\n                                $carousels.each(function(i,e) {\n                                    $(e).owlCarousel(window.Milenia.helpers.owlSettings({\n                                        margin: 1,\n                                        loop: true,\n                                        autoplay: $(e).hasClass('milenia-simple-slideshow--autoplay')\n                                    }));\n                                });\n                        });\n\n                    }\n                    else {\n                        $carousels.owlCarousel({\n                            items: 1\n                        });\n                    }\n                }\n            }\n        });\n    })(window.jQuery);\n<\/script>\n\n<div id=\"vc-milenia-info-boxes-3d8d5599bc50b5dbc377189bbb2c9364-17763115431663002112\" class=\"milenia-entities milenia-entities--style-3 milenia-entities--unreverse milenia-entities--filled  milenia-entities--title-reduced milenia-visible\" data-animation=\"none\">\n    <div class=\"milenia-grid milenia-grid--cols-1 milenia-grid--gutters\">\n        <!--================ Info Boxes Item ================-->\n<div class=\"milenia-grid-item\">\n    <article class=\"milenia-entity format-standard\">\n        <div data-bg-image-src=\"https:\/\/cerquetta.it\/wp-content\/uploads\/2018\/10\/La-Cerquetta-1.jpg\" style=\"background-image: url(https:\/\/cerquetta.it\/wp-content\/uploads\/2018\/10\/La-Cerquetta-1.jpg)\" class=\"milenia-entity-media\">\n    <a href=\"#\"    class=\"milenia-ln--independent milenia-entity-link\"><\/a>\n<\/div>\n\n\n        <div class=\"milenia-entity-content milenia-aligner\">\n            <div class=\"milenia-aligner-outer\">\n                <div class=\"milenia-aligner-inner\">\n                    <header class=\"milenia-entity-header\">\n                        \n                        <h2 class=\"milenia-entity-title\">Eventi speciali<\/h2>\n\n                    <\/header>\n                    <div class=\"milenia-entity-body\"><p>Organizziamo eventi speciali e serate a tema per rendere il tuo soggiorno indimenticabile. Che si tratti di una degustazione di vini, una cena a lume di candela o una festa tradizionale, c\u2019\u00e8 sempre qualcosa di speciale in programma.<\/p>\n<\/div>\n\n                    \n                <\/div>\n            <\/div>\n        <\/div>\n    <\/article>\n<\/div>\n<!--================ End of Info Boxes Item ================-->\n\r\n<!--================ Info Boxes Item ================-->\n<div class=\"milenia-grid-item\">\n    <article class=\"milenia-entity format-standard\">\n        <div data-bg-image-src=\"https:\/\/cerquetta.it\/wp-content\/uploads\/2018\/10\/La-Cerquetta-9.jpg\" style=\"background-image: url(https:\/\/cerquetta.it\/wp-content\/uploads\/2018\/10\/La-Cerquetta-9.jpg)\" class=\"milenia-entity-media\">\n    <a href=\"#\"    class=\"milenia-ln--independent milenia-entity-link\"><\/a>\n<\/div>\n\n\n        <div class=\"milenia-entity-content milenia-aligner\">\n            <div class=\"milenia-aligner-outer\">\n                <div class=\"milenia-aligner-inner\">\n                    <header class=\"milenia-entity-header\">\n                        \n                        <h2 class=\"milenia-entity-title\">Conclusioni<\/h2>\n\n                    <\/header>\n                    <div class=\"milenia-entity-body\"><p>A La Cerquetta, ci impegniamo a offrire un\u2019esperienza di soggiorno che va oltre le aspettative. La nostra dedizione all\u2019ospitalit\u00e0 e alla qualit\u00e0 dei servizi ci rende la scelta ideale per chi cerca un rifugio di pace e autenticit\u00e0 nel cuore dell\u2019Umbria. Siamo entusiasti di darti il benvenuto e di farti vivere un soggiorno indimenticabile.<\/p>\n<\/div>\n\n                    \n                <\/div>\n            <\/div>\n        <\/div>\n    <\/article>\n<\/div>\n<!--================ End of Info Boxes Item ================-->\n\n    <\/div>\n<\/div>\n<!--================ End of Info Boxes ================-->\n[\/vc_column][\/vc_row]<\/p>\n<\/div>","protected":false},"excerpt":{"rendered":"<p>[vc_row full_width=&#8221;stretch_row&#8221; content_placement=&#8221;middle&#8221; css=&#8221;.vc_custom_1538744986156{margin-bottom: 30px !important;background-color: #f8f8f8 !important;}&#8221;][vc_column width=&#8221;1\/2&#8243; el_class=&#8221;milenia-color&#8211;black&#8221;][vc_custom_heading text=&#8221;Il nostro ristorante celebra la ricchezza dei sapori&#8230;<\/p>\n","protected":false},"author":1,"featured_media":0,"parent":0,"menu_order":0,"comment_status":"closed","ping_status":"closed","template":"","meta":{"footnotes":""},"class_list":["post-3116","page","type-page","status-publish","hentry"],"yoast_head":"<!-- This site is optimized with the Yoast SEO plugin v26.0 - https:\/\/yoast.com\/wordpress\/plugins\/seo\/ -->\n<title>Ristorante - Hotel Ristorante a Trevi<\/title>\n<meta name=\"robots\" content=\"index, follow, max-snippet:-1, max-image-preview:large, max-video-preview:-1\" \/>\n<link rel=\"canonical\" href=\"https:\/\/cerquetta.it\/index.php\/ristorante\/\" \/>\n<meta property=\"og:locale\" content=\"it_IT\" \/>\n<meta property=\"og:type\" content=\"article\" \/>\n<meta property=\"og:title\" content=\"Ristorante - Hotel Ristorante a Trevi\" \/>\n<meta property=\"og:description\" content=\"[vc_row full_width=&#8221;stretch_row&#8221; content_placement=&#8221;middle&#8221; css=&#8221;.vc_custom_1538744986156{margin-bottom: 30px !important;background-color: #f8f8f8 !important;}&#8221;][vc_column width=&#8221;1\/2&#8243; el_class=&#8221;milenia-color&#8211;black&#8221;][vc_custom_heading text=&#8221;Il nostro ristorante celebra la ricchezza dei sapori...\" \/>\n<meta property=\"og:url\" content=\"https:\/\/cerquetta.it\/index.php\/ristorante\/\" \/>\n<meta property=\"og:site_name\" content=\"Hotel Ristorante a Trevi\" \/>\n<meta property=\"article:modified_time\" content=\"2024-09-27T10:40:58+00:00\" \/>\n<meta name=\"twitter:card\" content=\"summary_large_image\" \/>\n<meta name=\"twitter:label1\" content=\"Tempo di lettura stimato\" \/>\n\t<meta name=\"twitter:data1\" content=\"2 minuti\" \/>\n<script type=\"application\/ld+json\" class=\"yoast-schema-graph\">{\"@context\":\"https:\/\/schema.org\",\"@graph\":[{\"@type\":\"WebPage\",\"@id\":\"https:\/\/cerquetta.it\/index.php\/ristorante\/\",\"url\":\"https:\/\/cerquetta.it\/index.php\/ristorante\/\",\"name\":\"Ristorante - Hotel Ristorante a Trevi\",\"isPartOf\":{\"@id\":\"https:\/\/cerquetta.it\/#website\"},\"datePublished\":\"2024-08-01T15:31:00+00:00\",\"dateModified\":\"2024-09-27T10:40:58+00:00\",\"breadcrumb\":{\"@id\":\"https:\/\/cerquetta.it\/index.php\/ristorante\/#breadcrumb\"},\"inLanguage\":\"it-IT\",\"potentialAction\":[{\"@type\":\"ReadAction\",\"target\":[\"https:\/\/cerquetta.it\/index.php\/ristorante\/\"]}]},{\"@type\":\"BreadcrumbList\",\"@id\":\"https:\/\/cerquetta.it\/index.php\/ristorante\/#breadcrumb\",\"itemListElement\":[{\"@type\":\"ListItem\",\"position\":1,\"name\":\"Home\",\"item\":\"https:\/\/cerquetta.it\/\"},{\"@type\":\"ListItem\",\"position\":2,\"name\":\"Ristorante\"}]},{\"@type\":\"WebSite\",\"@id\":\"https:\/\/cerquetta.it\/#website\",\"url\":\"https:\/\/cerquetta.it\/\",\"name\":\"Hotel Ristorante a Trevi\",\"description\":\"\",\"publisher\":{\"@id\":\"https:\/\/cerquetta.it\/#organization\"},\"potentialAction\":[{\"@type\":\"SearchAction\",\"target\":{\"@type\":\"EntryPoint\",\"urlTemplate\":\"https:\/\/cerquetta.it\/?s={search_term_string}\"},\"query-input\":{\"@type\":\"PropertyValueSpecification\",\"valueRequired\":true,\"valueName\":\"search_term_string\"}}],\"inLanguage\":\"it-IT\"},{\"@type\":\"Organization\",\"@id\":\"https:\/\/cerquetta.it\/#organization\",\"name\":\"Hotel Ristorante a Trevi\",\"url\":\"https:\/\/cerquetta.it\/\",\"logo\":{\"@type\":\"ImageObject\",\"inLanguage\":\"it-IT\",\"@id\":\"https:\/\/cerquetta.it\/#\/schema\/logo\/image\/\",\"url\":\"https:\/\/cerquetta.it\/wp-content\/uploads\/2018\/10\/logo-La-Cerquetta.jpg\",\"contentUrl\":\"https:\/\/cerquetta.it\/wp-content\/uploads\/2018\/10\/logo-La-Cerquetta.jpg\",\"width\":371,\"height\":128,\"caption\":\"Hotel Ristorante a Trevi\"},\"image\":{\"@id\":\"https:\/\/cerquetta.it\/#\/schema\/logo\/image\/\"}}]}<\/script>\n<!-- \/ Yoast SEO plugin. -->","yoast_head_json":{"title":"Ristorante - Hotel Ristorante a Trevi","robots":{"index":"index","follow":"follow","max-snippet":"max-snippet:-1","max-image-preview":"max-image-preview:large","max-video-preview":"max-video-preview:-1"},"canonical":"https:\/\/cerquetta.it\/index.php\/ristorante\/","og_locale":"it_IT","og_type":"article","og_title":"Ristorante - Hotel Ristorante a Trevi","og_description":"[vc_row full_width=&#8221;stretch_row&#8221; content_placement=&#8221;middle&#8221; css=&#8221;.vc_custom_1538744986156{margin-bottom: 30px !important;background-color: #f8f8f8 !important;}&#8221;][vc_column width=&#8221;1\/2&#8243; el_class=&#8221;milenia-color&#8211;black&#8221;][vc_custom_heading text=&#8221;Il nostro ristorante celebra la ricchezza dei sapori...","og_url":"https:\/\/cerquetta.it\/index.php\/ristorante\/","og_site_name":"Hotel Ristorante a Trevi","article_modified_time":"2024-09-27T10:40:58+00:00","twitter_card":"summary_large_image","twitter_misc":{"Tempo di lettura stimato":"2 minuti"},"schema":{"@context":"https:\/\/schema.org","@graph":[{"@type":"WebPage","@id":"https:\/\/cerquetta.it\/index.php\/ristorante\/","url":"https:\/\/cerquetta.it\/index.php\/ristorante\/","name":"Ristorante - Hotel Ristorante a Trevi","isPartOf":{"@id":"https:\/\/cerquetta.it\/#website"},"datePublished":"2024-08-01T15:31:00+00:00","dateModified":"2024-09-27T10:40:58+00:00","breadcrumb":{"@id":"https:\/\/cerquetta.it\/index.php\/ristorante\/#breadcrumb"},"inLanguage":"it-IT","potentialAction":[{"@type":"ReadAction","target":["https:\/\/cerquetta.it\/index.php\/ristorante\/"]}]},{"@type":"BreadcrumbList","@id":"https:\/\/cerquetta.it\/index.php\/ristorante\/#breadcrumb","itemListElement":[{"@type":"ListItem","position":1,"name":"Home","item":"https:\/\/cerquetta.it\/"},{"@type":"ListItem","position":2,"name":"Ristorante"}]},{"@type":"WebSite","@id":"https:\/\/cerquetta.it\/#website","url":"https:\/\/cerquetta.it\/","name":"Hotel Ristorante a Trevi","description":"","publisher":{"@id":"https:\/\/cerquetta.it\/#organization"},"potentialAction":[{"@type":"SearchAction","target":{"@type":"EntryPoint","urlTemplate":"https:\/\/cerquetta.it\/?s={search_term_string}"},"query-input":{"@type":"PropertyValueSpecification","valueRequired":true,"valueName":"search_term_string"}}],"inLanguage":"it-IT"},{"@type":"Organization","@id":"https:\/\/cerquetta.it\/#organization","name":"Hotel Ristorante a Trevi","url":"https:\/\/cerquetta.it\/","logo":{"@type":"ImageObject","inLanguage":"it-IT","@id":"https:\/\/cerquetta.it\/#\/schema\/logo\/image\/","url":"https:\/\/cerquetta.it\/wp-content\/uploads\/2018\/10\/logo-La-Cerquetta.jpg","contentUrl":"https:\/\/cerquetta.it\/wp-content\/uploads\/2018\/10\/logo-La-Cerquetta.jpg","width":371,"height":128,"caption":"Hotel Ristorante a Trevi"},"image":{"@id":"https:\/\/cerquetta.it\/#\/schema\/logo\/image\/"}}]}},"_links":{"self":[{"href":"https:\/\/cerquetta.it\/index.php\/wp-json\/wp\/v2\/pages\/3116","targetHints":{"allow":["GET"]}}],"collection":[{"href":"https:\/\/cerquetta.it\/index.php\/wp-json\/wp\/v2\/pages"}],"about":[{"href":"https:\/\/cerquetta.it\/index.php\/wp-json\/wp\/v2\/types\/page"}],"author":[{"embeddable":true,"href":"https:\/\/cerquetta.it\/index.php\/wp-json\/wp\/v2\/users\/1"}],"replies":[{"embeddable":true,"href":"https:\/\/cerquetta.it\/index.php\/wp-json\/wp\/v2\/comments?post=3116"}],"version-history":[{"count":11,"href":"https:\/\/cerquetta.it\/index.php\/wp-json\/wp\/v2\/pages\/3116\/revisions"}],"predecessor-version":[{"id":3266,"href":"https:\/\/cerquetta.it\/index.php\/wp-json\/wp\/v2\/pages\/3116\/revisions\/3266"}],"wp:attachment":[{"href":"https:\/\/cerquetta.it\/index.php\/wp-json\/wp\/v2\/media?parent=3116"}],"curies":[{"name":"wp","href":"https:\/\/api.w.org\/{rel}","templated":true}]}}